{"id":11,"date":"2026-03-10T11:19:26","date_gmt":"2026-03-10T11:19:26","guid":{"rendered":"https:\/\/casamentoanaemanel.pt\/?page_id=11"},"modified":"2026-05-05T08:45:49","modified_gmt":"2026-05-05T08:45:49","slug":"inicio","status":"publish","type":"page","link":"https:\/\/casamentoanaemanel.pt\/","title":{"rendered":"In\u00edcio"},"content":{"rendered":"\t\t<div data-elementor-type=\"wp-page\" data-elementor-id=\"11\" class=\"elementor elementor-11\" data-elementor-post-type=\"page\">\n\t\t\t\t<div class=\"elementor-element elementor-element-9cfa407 e-con-full e-flex e-con e-parent\" data-id=\"9cfa407\" data-element_type=\"container\" data-e-type=\"container\" data-settings=\"{&quot;background_background&quot;:&quot;classic&quot;}\">\n\t\t<div class=\"elementor-element elementor-element-b741ad2 e-con-full e-flex e-con e-child\" data-id=\"b741ad2\" data-element_type=\"container\" data-e-type=\"container\">\n\t\t\t\t<div class=\"elementor-element elementor-element-306ae53 elementor-widget-mobile__width-initial elementor-invisible elementor-widget elementor-widget-image\" data-id=\"306ae53\" data-element_type=\"widget\" data-e-type=\"widget\" data-settings=\"{&quot;_animation&quot;:&quot;fadeInLeft&quot;}\" data-widget_type=\"image.default\">\n\t\t\t\t\t\t\t\t\t\t\t\t\t\t\t<img decoding=\"async\" width=\"189\" height=\"94\" src=\"https:\/\/casamentoanaemanel.pt\/wp-content\/uploads\/2026\/03\/ana-manel.svg\" class=\"attachment-large size-large wp-image-29\" alt=\"\" \/>\t\t\t\t\t\t\t\t\t\t\t\t\t\t\t<\/div>\n\t\t\t\t<div class=\"elementor-element elementor-element-f9f7d20 elementor-mobile-align-right elementor-widget-mobile__width-initial elementor-invisible elementor-widget elementor-widget-button\" data-id=\"f9f7d20\" data-element_type=\"widget\" data-e-type=\"widget\" data-settings=\"{&quot;_animation&quot;:&quot;fadeInRight&quot;,&quot;sticky&quot;:&quot;top&quot;,&quot;sticky_offset&quot;:50,&quot;sticky_on&quot;:[&quot;desktop&quot;,&quot;tablet&quot;,&quot;mobile&quot;],&quot;sticky_effects_offset&quot;:0,&quot;sticky_anchor_link_offset&quot;:0}\" data-widget_type=\"button.default\">\n\t\t\t\t\t\t\t\t\t\t<a class=\"elementor-button elementor-button-link elementor-size-sm elementor-animation-grow\" href=\"#elementor-action%3Aaction%3Doff_canvas%3Aopen%26settings%3DeyJpZCI6IjdhNTAxNjQiLCJkaXNwbGF5TW9kZSI6Im9wZW4ifQ%3D%3D\">\n\t\t\t\t\t\t<span class=\"elementor-button-content-wrapper\">\n\t\t\t\t\t\t\t\t\t<span class=\"elementor-button-text\">Confirmar Presen\u00e7a<\/span>\n\t\t\t\t\t<\/span>\n\t\t\t\t\t<\/a>\n\t\t\t\t\t\t\t\t<\/div>\n\t\t\t\t<\/div>\n\t\t\t\t<div class=\"elementor-element elementor-element-fd790aa elementor-invisible elementor-widget elementor-widget-image\" data-id=\"fd790aa\" data-element_type=\"widget\" data-e-type=\"widget\" data-settings=\"{&quot;_animation&quot;:&quot;fadeInUp&quot;}\" data-widget_type=\"image.default\">\n\t\t\t\t\t\t\t\t\t\t\t\t\t\t\t<img fetchpriority=\"high\" decoding=\"async\" width=\"800\" height=\"466\" src=\"https:\/\/casamentoanaemanel.pt\/wp-content\/uploads\/2026\/03\/desenho.svg\" class=\"attachment-large size-large wp-image-28\" alt=\"\" \/>\t\t\t\t\t\t\t\t\t\t\t\t\t\t\t<\/div>\n\t\t<div class=\"elementor-element elementor-element-52e6351 e-con-full e-flex e-con e-child\" data-id=\"52e6351\" data-element_type=\"container\" data-e-type=\"container\">\n\t\t\t\t<div class=\"elementor-element elementor-element-0b3ffe9 elementor-widget-mobile__width-initial elementor-widget elementor-widget-heading\" data-id=\"0b3ffe9\" data-element_type=\"widget\" data-e-type=\"widget\" data-widget_type=\"heading.default\">\n\t\t\t\t\t<h2 class=\"elementor-heading-title elementor-size-default\">05 de Setembro 2026<\/h2>\t\t\t\t<\/div>\n\t\t\t\t<div class=\"elementor-element elementor-element-4e8af0f elementor-widget__width-initial elementor-widget-mobile__width-initial elementor-widget elementor-widget-text-editor\" data-id=\"4e8af0f\" data-element_type=\"widget\" data-e-type=\"widget\" data-widget_type=\"text-editor.default\">\n\t\t\t\t\t\t\t\t\t<p>Casamos dia 5 de Setembro na Ermida de Nossa Senhora do Monte do Carmo, Azaruja.<\/p><p>Ser\u00e1 um casamento descontra\u00eddo ao fim do dia &#8211; pelas 17h.<br \/>Contamos convosco para festejar noite dentro pelos ares do Alentejo.<\/p>\t\t\t\t\t\t\t\t<\/div>\n\t\t\t\t<\/div>\n\t\t\t\t<\/div>\n\t\t<div class=\"elementor-element elementor-element-4df3019 e-flex e-con-boxed e-con e-parent\" data-id=\"4df3019\" data-element_type=\"container\" data-e-type=\"container\" data-settings=\"{&quot;background_background&quot;:&quot;classic&quot;}\">\n\t\t\t\t\t<div class=\"e-con-inner\">\n\t\t\t\t<div class=\"elementor-element elementor-element-290c095 elementor-absolute elementor-invisible elementor-widget elementor-widget-image\" data-id=\"290c095\" data-element_type=\"widget\" data-e-type=\"widget\" data-settings=\"{&quot;_position&quot;:&quot;absolute&quot;,&quot;_animation&quot;:&quot;fadeInLeft&quot;}\" data-widget_type=\"image.default\">\n\t\t\t\t\t\t\t\t\t\t\t\t\t\t\t<img decoding=\"async\" width=\"137\" height=\"153\" src=\"https:\/\/casamentoanaemanel.pt\/wp-content\/uploads\/2026\/03\/fortune.webp\" class=\"attachment-large size-large wp-image-54\" alt=\"\" \/>\t\t\t\t\t\t\t\t\t\t\t\t\t\t\t<\/div>\n\t\t\t\t<div class=\"elementor-element elementor-element-ac9f37d elementor-widget elementor-widget-heading\" data-id=\"ac9f37d\" data-element_type=\"widget\" data-e-type=\"widget\" data-widget_type=\"heading.default\">\n\t\t\t\t\t<h2 class=\"elementor-heading-title elementor-size-default\">COMO CHEGAR<\/h2>\t\t\t\t<\/div>\n\t\t\t\t<div class=\"elementor-element elementor-element-b7a7def elementor-widget__width-initial elementor-widget elementor-widget-text-editor\" data-id=\"b7a7def\" data-element_type=\"widget\" data-e-type=\"widget\" data-widget_type=\"text-editor.default\">\n\t\t\t\t\t\t\t\t\t<p>O sitio do casamento \u00e9 a aproximadamente a 25 minutos de \u00c9vora.<\/p><p><b>WAZE<\/b> Ermida de Nossa Senhora do Carmo &#8211; Estrada do Monte do Carmo, S\u00e3o Bento do Mato,<br \/>Distrito de \u00c9vora &#8211; *aparece no mapa escrito \u201cBelver Monte de Carmo Hotel Rural\u201d*<\/p><p><b>GOOGLE MAPS<\/b> Ermida de Nossa Senhora do Carmo &#8211; Estrada do Monte do Carmo, S\u00e3o Bento do Mato,<br \/>Distrito de \u00c9vora &#8211; *aparece no mapa escrito \u201cBelver Monte de Carmo Hotel Rural\u201d*<\/p>\t\t\t\t\t\t\t\t<\/div>\n\t\t<div class=\"elementor-element elementor-element-392baf8 e-con-full e-flex e-con e-child\" data-id=\"392baf8\" data-element_type=\"container\" data-e-type=\"container\">\n\t\t\t\t<div class=\"elementor-element elementor-element-f27233b elementor-align-center elementor-mobile-align-justify elementor-widget-mobile__width-inherit elementor-widget elementor-widget-button\" data-id=\"f27233b\" data-element_type=\"widget\" data-e-type=\"widget\" data-widget_type=\"button.default\">\n\t\t\t\t\t\t\t\t\t\t<a class=\"elementor-button elementor-button-link elementor-size-sm\" href=\"https:\/\/waze.com\/ul\/heyfkprdse\">\n\t\t\t\t\t\t<span class=\"elementor-button-content-wrapper\">\n\t\t\t\t\t\t\t\t\t<span class=\"elementor-button-text\">Dire\u00e7\u00f5es Waze<\/span>\n\t\t\t\t\t<\/span>\n\t\t\t\t\t<\/a>\n\t\t\t\t\t\t\t\t<\/div>\n\t\t\t\t<div class=\"elementor-element elementor-element-6498c23 elementor-align-center elementor-mobile-align-justify elementor-widget-mobile__width-inherit elementor-widget elementor-widget-button\" data-id=\"6498c23\" data-element_type=\"widget\" data-e-type=\"widget\" data-widget_type=\"button.default\">\n\t\t\t\t\t\t\t\t\t\t<a class=\"elementor-button elementor-button-link elementor-size-sm\" href=\"https:\/\/www.google.com\/maps\/dir\/\/Ermida+de+Nossa+Senhora+do+Carmo,+Estrada+do+Monte+do+Carmo,+7005-129\/@38.7139999,-7.7660442,17z\/data=!4m16!1m7!3m6!1s0xd175fc2000f546d:0xc13fa03710e9e7b7!2sErmida+de+Nossa+Senhora+do+Carmo!8m2!3d38.7139999!4d-7.7634693!16s%2Fg%2F11dyp3gh76!4m7!1m0!1m5!1m1!1s0xd175fc2000f546d:0xc13fa03710e9e7b7!2m2!1d-7.7634693!2d38.7139999?entry=ttu&#038;g_ep=EgoyMDI2MDMxOC4xIKXMDSoASAFQAw%3D%3D\">\n\t\t\t\t\t\t<span class=\"elementor-button-content-wrapper\">\n\t\t\t\t\t\t\t\t\t<span class=\"elementor-button-text\">Dire\u00e7\u00f5es Google Maps<\/span>\n\t\t\t\t\t<\/span>\n\t\t\t\t\t<\/a>\n\t\t\t\t\t\t\t\t<\/div>\n\t\t\t\t<\/div>\n\t\t\t\t\t<\/div>\n\t\t\t\t<\/div>\n\t\t<div class=\"elementor-element elementor-element-e58a5c6 e-flex e-con-boxed e-con e-parent\" data-id=\"e58a5c6\" data-element_type=\"container\" data-e-type=\"container\" data-settings=\"{&quot;background_background&quot;:&quot;classic&quot;}\">\n\t\t\t\t\t<div class=\"e-con-inner\">\n\t\t\t\t<div class=\"elementor-element elementor-element-c53c4b6 elementor-widget elementor-widget-heading\" data-id=\"c53c4b6\" data-element_type=\"widget\" data-e-type=\"widget\" data-widget_type=\"heading.default\">\n\t\t\t\t\t<h2 class=\"elementor-heading-title elementor-size-default\">CERIM\u00d3NIA &amp; FESTA<\/h2>\t\t\t\t<\/div>\n\t\t\t\t<div class=\"elementor-element elementor-element-64f92f0 elementor-widget__width-initial elementor-widget-mobile__width-inherit elementor-widget elementor-widget-text-editor\" data-id=\"64f92f0\" data-element_type=\"widget\" data-e-type=\"widget\" data-widget_type=\"text-editor.default\">\n\t\t\t\t\t\t\t\t\t<p>A cerim\u00f3nia, o jantar e a festa s\u00e3o no mesmo sitio (mencionado em cima e aqui) :<br \/>Ermida de Nossa Senhora do Carmo &#8211; Estrada do Monte do Carmo, S\u00e3o Bento do Mato,<br \/>Distrito de \u00c9vora &#8211; *aparece no mapa escrito \u201cBelver Monte de Carmo Hotel Rural\u201d*<\/p>\t\t\t\t\t\t\t\t<\/div>\n\t\t\t\t\t<\/div>\n\t\t\t\t<\/div>\n\t\t<div class=\"elementor-element elementor-element-8b3dde2 e-flex e-con-boxed e-con e-parent\" data-id=\"8b3dde2\" data-element_type=\"container\" data-e-type=\"container\" data-settings=\"{&quot;background_background&quot;:&quot;classic&quot;}\">\n\t\t\t\t\t<div class=\"e-con-inner\">\n\t\t\t\t<div class=\"elementor-element elementor-element-1c02a74 elementor-hidden-desktop elementor-hidden-tablet elementor-invisible elementor-widget elementor-widget-image\" data-id=\"1c02a74\" data-element_type=\"widget\" data-e-type=\"widget\" data-settings=\"{&quot;_animation&quot;:&quot;fadeInRight&quot;}\" data-widget_type=\"image.default\">\n\t\t\t\t\t\t\t\t\t\t\t\t\t\t\t<img loading=\"lazy\" decoding=\"async\" width=\"346\" height=\"176\" src=\"https:\/\/casamentoanaemanel.pt\/wp-content\/uploads\/2026\/03\/ana-e-manel.webp\" class=\"attachment-large size-large wp-image-53\" alt=\"\" srcset=\"https:\/\/casamentoanaemanel.pt\/wp-content\/uploads\/2026\/03\/ana-e-manel.webp 346w, https:\/\/casamentoanaemanel.pt\/wp-content\/uploads\/2026\/03\/ana-e-manel-300x153.webp 300w\" sizes=\"(max-width: 346px) 100vw, 346px\" \/>\t\t\t\t\t\t\t\t\t\t\t\t\t\t\t<\/div>\n\t\t\t\t<div class=\"elementor-element elementor-element-de6ac0b elementor-widget elementor-widget-heading\" data-id=\"de6ac0b\" data-element_type=\"widget\" data-e-type=\"widget\" data-widget_type=\"heading.default\">\n\t\t\t\t\t<h2 class=\"elementor-heading-title elementor-size-default\">DRESS CODE<\/h2>\t\t\t\t<\/div>\n\t\t\t\t<div class=\"elementor-element elementor-element-5bfbb33 elementor-absolute elementor-hidden-mobile elementor-invisible elementor-widget elementor-widget-image\" data-id=\"5bfbb33\" data-element_type=\"widget\" data-e-type=\"widget\" data-settings=\"{&quot;_position&quot;:&quot;absolute&quot;,&quot;_animation&quot;:&quot;fadeInRight&quot;}\" data-widget_type=\"image.default\">\n\t\t\t\t\t\t\t\t\t\t\t\t\t\t\t<img loading=\"lazy\" decoding=\"async\" width=\"346\" height=\"176\" src=\"https:\/\/casamentoanaemanel.pt\/wp-content\/uploads\/2026\/03\/ana-e-manel.webp\" class=\"attachment-large size-large wp-image-53\" alt=\"\" srcset=\"https:\/\/casamentoanaemanel.pt\/wp-content\/uploads\/2026\/03\/ana-e-manel.webp 346w, https:\/\/casamentoanaemanel.pt\/wp-content\/uploads\/2026\/03\/ana-e-manel-300x153.webp 300w\" sizes=\"(max-width: 346px) 100vw, 346px\" \/>\t\t\t\t\t\t\t\t\t\t\t\t\t\t\t<\/div>\n\t\t\t\t<div class=\"elementor-element elementor-element-c3744aa elementor-widget__width-initial elementor-widget-mobile__width-inherit elementor-widget elementor-widget-text-editor\" data-id=\"c3744aa\" data-element_type=\"widget\" data-e-type=\"widget\" data-widget_type=\"text-editor.default\">\n\t\t\t\t\t\t\t\t\t<p>O dress-code \u00e9 semi-formal &#8211; gravata opcional.<br \/><br \/><br \/><strong>Para as meninas<\/strong> | o sitio tem a maior parte das zonas com gravilha,<br \/>cuidado com os saltos.<br \/><br \/><br \/>*o casamento \u00e9 ao ar livre, pode ser necess\u00e1rio um casaco,<br \/>caso esteja uma noite mais fria (esperemos que n\u00e3o).<\/p>\t\t\t\t\t\t\t\t<\/div>\n\t\t\t\t\t<\/div>\n\t\t\t\t<\/div>\n\t\t<div class=\"elementor-element elementor-element-844d7a8 e-flex e-con-boxed e-con e-parent\" data-id=\"844d7a8\" data-element_type=\"container\" data-e-type=\"container\" data-settings=\"{&quot;background_background&quot;:&quot;classic&quot;}\">\n\t\t\t\t\t<div class=\"e-con-inner\">\n\t\t\t\t<div class=\"elementor-element elementor-element-c6cbaf8 elementor-widget-mobile__width-initial elementor-widget elementor-widget-heading\" data-id=\"c6cbaf8\" data-element_type=\"widget\" data-e-type=\"widget\" data-widget_type=\"heading.default\">\n\t\t\t\t\t<h2 class=\"elementor-heading-title elementor-size-default\">LISTA DE CASAMENTO<\/h2>\t\t\t\t<\/div>\n\t\t\t\t<div class=\"elementor-element elementor-element-bd0faa8 elementor-absolute elementor-invisible elementor-widget elementor-widget-image\" data-id=\"bd0faa8\" data-element_type=\"widget\" data-e-type=\"widget\" data-settings=\"{&quot;_position&quot;:&quot;absolute&quot;,&quot;_animation&quot;:&quot;fadeInLeft&quot;}\" data-widget_type=\"image.default\">\n\t\t\t\t\t\t\t\t\t\t\t\t\t\t\t<img loading=\"lazy\" decoding=\"async\" width=\"188\" height=\"197\" src=\"https:\/\/casamentoanaemanel.pt\/wp-content\/uploads\/2026\/03\/couve.webp\" class=\"attachment-large size-large wp-image-52\" alt=\"\" \/>\t\t\t\t\t\t\t\t\t\t\t\t\t\t\t<\/div>\n\t\t\t\t<div class=\"elementor-element elementor-element-aea77f0 elementor-widget__width-initial elementor-widget-mobile__width-inherit elementor-widget elementor-widget-text-editor\" data-id=\"aea77f0\" data-element_type=\"widget\" data-e-type=\"widget\" data-widget_type=\"text-editor.default\">\n\t\t\t\t\t\t\t\t\t<p>Queridos familia e amigos, a vossa presen\u00e7a \u00e9 o melhor que podemos pedir neste dia t\u00e3o especial.<\/p><p>Se quiserem contribuir para a nossa lua de mel, futuro lar e familia deixamos o nosso IBAN<\/p><p>IBAN PT50003503570001983353092<\/p>\t\t\t\t\t\t\t\t<\/div>\n\t\t\t\t<div class=\"elementor-element elementor-element-d5085bc elementor-invisible elementor-widget elementor-widget-image\" data-id=\"d5085bc\" data-element_type=\"widget\" data-e-type=\"widget\" data-settings=\"{&quot;_animation&quot;:&quot;zoomIn&quot;}\" data-widget_type=\"image.default\">\n\t\t\t\t\t\t\t\t\t\t\t\t\t\t\t<img loading=\"lazy\" decoding=\"async\" width=\"340\" height=\"116\" src=\"https:\/\/casamentoanaemanel.pt\/wp-content\/uploads\/2026\/03\/rsvp.svg\" class=\"attachment-large size-large wp-image-42\" alt=\"\" \/>\t\t\t\t\t\t\t\t\t\t\t\t\t\t\t<\/div>\n\t\t\t\t<div class=\"elementor-element elementor-element-848bdf3 elementor-widget__width-initial elementor-widget elementor-widget-text-editor\" data-id=\"848bdf3\" data-element_type=\"widget\" data-e-type=\"widget\" data-widget_type=\"text-editor.default\">\n\t\t\t\t\t\t\t\t\t<p>Agradecemos a vossa confirma\u00e7\u00e3o at\u00e9 ao dia <strong>31 de Julho de 2026<\/strong>.<\/p>\t\t\t\t\t\t\t\t<\/div>\n\t\t\t\t<div class=\"elementor-element elementor-element-cfad291 elementor-widget elementor-widget-heading\" data-id=\"cfad291\" data-element_type=\"widget\" data-e-type=\"widget\" data-widget_type=\"heading.default\">\n\t\t\t\t\t<h2 class=\"elementor-heading-title elementor-size-default\">OBRIGADO,<\/h2>\t\t\t\t<\/div>\n\t\t\t\t<div class=\"elementor-element elementor-element-de13b85 elementor-invisible elementor-widget elementor-widget-image\" data-id=\"de13b85\" data-element_type=\"widget\" data-e-type=\"widget\" data-settings=\"{&quot;_animation&quot;:&quot;fadeInUp&quot;}\" data-widget_type=\"image.default\">\n\t\t\t\t\t\t\t\t\t\t\t\t\t\t\t<img decoding=\"async\" width=\"189\" height=\"94\" src=\"https:\/\/casamentoanaemanel.pt\/wp-content\/uploads\/2026\/03\/ana-manel.svg\" class=\"attachment-large size-large wp-image-29\" alt=\"\" \/>\t\t\t\t\t\t\t\t\t\t\t\t\t\t\t<\/div>\n\t\t\t\t\t<\/div>\n\t\t\t\t<\/div>\n\t\t<div class=\"elementor-element elementor-element-fed0c48 e-flex e-con-boxed e-con e-parent\" data-id=\"fed0c48\" data-element_type=\"container\" data-e-type=\"container\">\n\t\t\t\t\t<div class=\"e-con-inner\">\n\t\t\t\t<div class=\"elementor-element elementor-element-7a50164 elementor-widget elementor-widget-off-canvas\" data-id=\"7a50164\" data-element_type=\"widget\" data-e-type=\"widget\" data-settings=\"{&quot;entrance_animation&quot;:&quot;fadeInUp&quot;,&quot;exit_animation&quot;:&quot;fadeInUp&quot;}\" data-widget_type=\"off-canvas.default\">\n\t\t\t\t\t\t\t<div id=\"off-canvas-7a50164\" class=\"e-off-canvas\" role=\"dialog\" aria-hidden=\"true\" aria-label=\"Off-Canvas\" aria-modal=\"true\" inert=\"\" data-delay-child-handlers=\"true\">\n\t\t\t<div class=\"e-off-canvas__overlay\"><\/div>\n\t\t\t<div class=\"e-off-canvas__main\">\n\t\t\t\t<div class=\"e-off-canvas__content\">\n\t\t\t\t\t<div class=\"elementor-element elementor-element-3521e16 e-con-full e-flex e-con e-child\" data-id=\"3521e16\" data-element_type=\"container\" data-e-type=\"container\">\n\t\t\t\t<div class=\"elementor-element elementor-element-8820cb9 elementor-widget elementor-widget-heading\" data-id=\"8820cb9\" data-element_type=\"widget\" data-e-type=\"widget\" data-widget_type=\"heading.default\">\n\t\t\t\t\t<h2 class=\"elementor-heading-title elementor-size-default\">FORMUL\u00c1RIO DE CONFIRMA\u00c7\u00c3O<\/h2>\t\t\t\t<\/div>\n\t\t\t\t<div class=\"elementor-element elementor-element-b100302 elementor-widget__width-initial elementor-widget-mobile__width-inherit elementor-widget elementor-widget-text-editor\" data-id=\"b100302\" data-element_type=\"widget\" data-e-type=\"widget\" data-widget_type=\"text-editor.default\">\n\t\t\t\t\t\t\t\t\t<p>As confirma\u00e7\u00f5es devem ser feitas individualmente por cada convidado<\/p>\t\t\t\t\t\t\t\t<\/div>\n\t\t\t\t<div class=\"elementor-element elementor-element-3c7dbde elementor-button-align-stretch elementor-widget elementor-widget-form\" data-id=\"3c7dbde\" data-element_type=\"widget\" data-e-type=\"widget\" data-settings=\"{&quot;step_next_label&quot;:&quot;Next&quot;,&quot;step_previous_label&quot;:&quot;Previous&quot;,&quot;button_width&quot;:&quot;100&quot;,&quot;step_type&quot;:&quot;number_text&quot;,&quot;step_icon_shape&quot;:&quot;circle&quot;}\" data-widget_type=\"form.default\">\n\t\t\t\t\t\t\t<form class=\"elementor-form\" method=\"post\" name=\"New Form\" aria-label=\"New Form\">\n\t\t\t<input type=\"hidden\" name=\"post_id\" value=\"11\"\/>\n\t\t\t<input type=\"hidden\" name=\"form_id\" value=\"3c7dbde\"\/>\n\t\t\t<input type=\"hidden\" name=\"referer_title\" value=\"\" \/>\n\n\t\t\t\t\t\t\t<input type=\"hidden\" name=\"queried_id\" value=\"11\"\/>\n\t\t\t\n\t\t\t<div class=\"elementor-form-fields-wrapper elementor-labels-\">\n\t\t\t\t\t\t\t\t<div class=\"elementor-field-type-text elementor-field-group elementor-column elementor-field-group-name elementor-col-100 elementor-field-required\">\n\t\t\t\t\t\t\t\t\t\t\t\t<label for=\"form-field-name\" class=\"elementor-field-label elementor-screen-only\">\n\t\t\t\t\t\t\t\tNome\t\t\t\t\t\t\t<\/label>\n\t\t\t\t\t\t\t\t\t\t\t\t\t\t<input size=\"1\" type=\"text\" name=\"form_fields[name]\" id=\"form-field-name\" class=\"elementor-field elementor-size-sm  elementor-field-textual\" placeholder=\"Nome\" required=\"required\">\n\t\t\t\t\t\t\t\t\t\t\t<\/div>\n\t\t\t\t\t\t\t\t<div class=\"elementor-field-type-email elementor-field-group elementor-column elementor-field-group-email elementor-col-100 elementor-field-required\">\n\t\t\t\t\t\t\t\t\t\t\t\t<label for=\"form-field-email\" class=\"elementor-field-label elementor-screen-only\">\n\t\t\t\t\t\t\t\tEmail\t\t\t\t\t\t\t<\/label>\n\t\t\t\t\t\t\t\t\t\t\t\t\t\t<input size=\"1\" type=\"email\" name=\"form_fields[email]\" id=\"form-field-email\" class=\"elementor-field elementor-size-sm  elementor-field-textual\" placeholder=\"Email\" required=\"required\">\n\t\t\t\t\t\t\t\t\t\t\t<\/div>\n\t\t\t\t\t\t\t\t<div class=\"elementor-field-type-select elementor-field-group elementor-column elementor-field-group-field_7590697 elementor-col-100 elementor-field-required\">\n\t\t\t\t\t\t\t\t\t\t\t\t<label for=\"form-field-field_7590697\" class=\"elementor-field-label elementor-screen-only\">\n\t\t\t\t\t\t\t\tRestri\u00e7\u00f5es\t\t\t\t\t\t\t<\/label>\n\t\t\t\t\t\t\t\t<div class=\"elementor-field elementor-select-wrapper remove-before \">\n\t\t\t<div class=\"select-caret-down-wrapper\">\n\t\t\t\t<svg aria-hidden=\"true\" class=\"e-font-icon-svg e-eicon-caret-down\" viewBox=\"0 0 571.4 571.4\" xmlns=\"http:\/\/www.w3.org\/2000\/svg\"><path d=\"M571 393Q571 407 561 418L311 668Q300 679 286 679T261 668L11 418Q0 407 0 393T11 368 36 357H536Q550 357 561 368T571 393Z\"><\/path><\/svg>\t\t\t<\/div>\n\t\t\t<select name=\"form_fields[field_7590697]\" id=\"form-field-field_7590697\" class=\"elementor-field-textual elementor-size-sm\" required=\"required\">\n\t\t\t\t\t\t\t\t\t<option value=\"\">Tem restri\u00e7\u00f5es? <\/option>\n\t\t\t\t\t\t\t\t\t<option value=\"sim\">Sim (deixar nas observa\u00e7\u00f5es)<\/option>\n\t\t\t\t\t\t\t\t\t<option value=\"nao\">N\u00e3o<\/option>\n\t\t\t\t\t\t\t<\/select>\n\t\t<\/div>\n\t\t\t\t\t\t<\/div>\n\t\t\t\t\t\t\t\t<div class=\"elementor-field-type-select elementor-field-group elementor-column elementor-field-group-field_4ec02dd elementor-col-100 elementor-field-required\">\n\t\t\t\t\t\t\t\t\t\t\t\t<label for=\"form-field-field_4ec02dd\" class=\"elementor-field-label elementor-screen-only\">\n\t\t\t\t\t\t\t\tVegetariano\t\t\t\t\t\t\t<\/label>\n\t\t\t\t\t\t\t\t<div class=\"elementor-field elementor-select-wrapper remove-before \">\n\t\t\t<div class=\"select-caret-down-wrapper\">\n\t\t\t\t<svg aria-hidden=\"true\" class=\"e-font-icon-svg e-eicon-caret-down\" viewBox=\"0 0 571.4 571.4\" xmlns=\"http:\/\/www.w3.org\/2000\/svg\"><path d=\"M571 393Q571 407 561 418L311 668Q300 679 286 679T261 668L11 418Q0 407 0 393T11 368 36 357H536Q550 357 561 368T571 393Z\"><\/path><\/svg>\t\t\t<\/div>\n\t\t\t<select name=\"form_fields[field_4ec02dd]\" id=\"form-field-field_4ec02dd\" class=\"elementor-field-textual elementor-size-sm\" required=\"required\">\n\t\t\t\t\t\t\t\t\t<option value=\"\">Vegetariano? <\/option>\n\t\t\t\t\t\t\t\t\t<option value=\"sim\">Sim<\/option>\n\t\t\t\t\t\t\t\t\t<option value=\"nao\">N\u00e3o<\/option>\n\t\t\t\t\t\t\t<\/select>\n\t\t<\/div>\n\t\t\t\t\t\t<\/div>\n\t\t\t\t\t\t\t\t<div class=\"elementor-field-type-select elementor-field-group elementor-column elementor-field-group-field_b280dfd elementor-col-100 elementor-field-required\">\n\t\t\t\t\t\t\t\t\t\t\t\t<label for=\"form-field-field_b280dfd\" class=\"elementor-field-label elementor-screen-only\">\n\t\t\t\t\t\t\t\tTraz Crian\u00e7as\t\t\t\t\t\t\t<\/label>\n\t\t\t\t\t\t\t\t<div class=\"elementor-field elementor-select-wrapper remove-before \">\n\t\t\t<div class=\"select-caret-down-wrapper\">\n\t\t\t\t<svg aria-hidden=\"true\" class=\"e-font-icon-svg e-eicon-caret-down\" viewBox=\"0 0 571.4 571.4\" xmlns=\"http:\/\/www.w3.org\/2000\/svg\"><path d=\"M571 393Q571 407 561 418L311 668Q300 679 286 679T261 668L11 418Q0 407 0 393T11 368 36 357H536Q550 357 561 368T571 393Z\"><\/path><\/svg>\t\t\t<\/div>\n\t\t\t<select name=\"form_fields[field_b280dfd]\" id=\"form-field-field_b280dfd\" class=\"elementor-field-textual elementor-size-sm\" required=\"required\">\n\t\t\t\t\t\t\t\t\t<option value=\"\">Traz Crian\u00e7as? <\/option>\n\t\t\t\t\t\t\t\t\t<option value=\"sim\">Sim (deixar nas observa\u00e7\u00f5es quantas e idades)<\/option>\n\t\t\t\t\t\t\t\t\t<option value=\"nao\">N\u00e3o<\/option>\n\t\t\t\t\t\t\t<\/select>\n\t\t<\/div>\n\t\t\t\t\t\t<\/div>\n\t\t\t\t\t\t\t\t<div class=\"elementor-field-type-textarea elementor-field-group elementor-column elementor-field-group-message elementor-col-100\">\n\t\t\t\t\t\t\t\t\t\t\t\t<label for=\"form-field-message\" class=\"elementor-field-label elementor-screen-only\">\n\t\t\t\t\t\t\t\tObserva\u00e7\u00f5es\t\t\t\t\t\t\t<\/label>\n\t\t\t\t\t\t<textarea class=\"elementor-field-textual elementor-field  elementor-size-sm\" name=\"form_fields[message]\" id=\"form-field-message\" rows=\"4\" placeholder=\"Observa\u00e7\u00f5es\"><\/textarea>\t\t\t\t<\/div>\n\t\t\t\t\t\t\t\t<div class=\"elementor-field-group elementor-column elementor-field-type-submit elementor-col-100 e-form__buttons\">\n\t\t\t\t\t<button class=\"elementor-button elementor-size-sm elementor-animation-grow\" type=\"submit\">\n\t\t\t\t\t\t<span class=\"elementor-button-content-wrapper\">\n\t\t\t\t\t\t\t\t\t\t\t\t\t\t\t\t\t\t\t\t\t\t<span class=\"elementor-button-text\">Confirmar Presen\u00e7a<\/span>\n\t\t\t\t\t\t\t\t\t\t\t\t\t<\/span>\n\t\t\t\t\t<\/button>\n\t\t\t\t<\/div>\n\t\t\t<\/div>\n\t\t<\/form>\n\t\t\t\t\t\t<\/div>\n\t\t\t\t<\/div>\n\t\t\t\t\t\t<\/div>\n\t\t\t<\/div>\n\t\t<\/div>\n\t\t\t\t\t\t<\/div>\n\t\t\t\t\t<\/div>\n\t\t\t\t<\/div>\n\t\t\t\t<\/div>\n\t\t","protected":false},"excerpt":{"rendered":"<p>Confirmar Presen\u00e7a 05 de Setembro 2026 Casamos dia 5 de Setembro na Ermida de Nossa Senhora do Monte do Carmo, Azaruja. Ser\u00e1 um casamento descontra\u00eddo ao fim do dia &#8211; pelas 17h.Contamos convosco para festejar noite dentro pelos ares do Alentejo. COMO CHEGAR O sitio do casamento \u00e9 a aproximadamente a 25 minutos de \u00c9vora. [&hellip;]<\/p>\n","protected":false},"author":1,"featured_media":0,"parent":0,"menu_order":0,"comment_status":"open","ping_status":"closed","template":"elementor_canvas","meta":{"footnotes":""},"class_list":["post-11","page","type-page","status-publish","hentry"],"_links":{"self":[{"href":"https:\/\/casamentoanaemanel.pt\/index.php?rest_route=\/wp\/v2\/pages\/11","targetHints":{"allow":["GET"]}}],"collection":[{"href":"https:\/\/casamentoanaemanel.pt\/index.php?rest_route=\/wp\/v2\/pages"}],"about":[{"href":"https:\/\/casamentoanaemanel.pt\/index.php?rest_route=\/wp\/v2\/types\/page"}],"author":[{"embeddable":true,"href":"https:\/\/casamentoanaemanel.pt\/index.php?rest_route=\/wp\/v2\/users\/1"}],"replies":[{"embeddable":true,"href":"https:\/\/casamentoanaemanel.pt\/index.php?rest_route=%2Fwp%2Fv2%2Fcomments&post=11"}],"version-history":[{"count":112,"href":"https:\/\/casamentoanaemanel.pt\/index.php?rest_route=\/wp\/v2\/pages\/11\/revisions"}],"predecessor-version":[{"id":142,"href":"https:\/\/casamentoanaemanel.pt\/index.php?rest_route=\/wp\/v2\/pages\/11\/revisions\/142"}],"wp:attachment":[{"href":"https:\/\/casamentoanaemanel.pt\/index.php?rest_route=%2Fwp%2Fv2%2Fmedia&parent=11"}],"curies":[{"name":"wp","href":"https:\/\/api.w.org\/{rel}","templated":true}]}}